{"id":1068,"date":"2020-03-16T16:20:03","date_gmt":"2020-03-16T15:20:03","guid":{"rendered":"https:\/\/paolobrunelli.me\/shop\/frollini-con-frutta-secca\/"},"modified":"2025-12-30T13:23:12","modified_gmt":"2025-12-30T12:23:12","slug":"frollini-con-frutta-secca","status":"publish","type":"product","link":"https:\/\/paolobrunelli.me\/en\/shop\/frollini-con-frutta-secca\/","title":{"rendered":"DUECOSA, FROLLINI CON FRUTTA SECCA"},"content":{"rendered":"<p>Il frollino per chi ama il vero sapore della frutta secca.<br \/>\nLa frolla \u00e8 tanto leggera che quasi si scioglie in bocca, ma la consistenza resta croccantissima grazie alle nocciole, ai pistacchi e alle mandorle.<br \/>\nIdeale dalla mattina col caff\u00e8 alla sera con un punch.<\/p>\n<p>&nbsp;<\/p>\n<p>Assaggiali, vorrai provare anche gli altri: <a href=\"https:\/\/paolobrunelli.me\/shop\/frollini-con-gocce-di-cioccolato\/\" target=\"_blank\" rel=\"noopener\">Unacosa<\/a>, <a href=\"https:\/\/paolobrunelli.me\/shop\/trecosa-sablee-al-cioccolato-fondente-e-sale\/\" target=\"_blank\" rel=\"noopener\">Trecosa<\/a>, <a href=\"https:\/\/paolobrunelli.me\/shop\/quattrocosa-cantucci-con-nocciole-e-pistacchi\/\" target=\"_blank\" rel=\"noopener\">Quattrocosa.<\/a><\/p>\n","protected":false},"excerpt":{"rendered":"<p>Il frollino per chi ama il vero sapore della frutta secca. La frolla \u00e8 tanto leggera che quasi si scioglie in bocca, ma la consistenza resta croccantissima grazie alle nocciole, ai pistacchi e alle mandorle. Ideale dalla mattina col caff\u00e8 alla sera con un punch. &nbsp; Assaggiali, vorrai provare anche gli altri: Unacosa, Trecosa, Quattrocosa.<\/p>\n","protected":false},"featured_media":3387,"template":"","meta":[],"product_brand":[],"product_cat":[41],"product_tag":[],"class_list":{"0":"post-1068","1":"product","2":"type-product","3":"status-publish","4":"has-post-thumbnail","6":"product_cat-sweets","7":"product_shipping_class-standard-en","9":"first","10":"outofstock","11":"taxable","12":"shipping-taxable","13":"purchasable","14":"product-type-simple"},"yoast_head":"<!-- This site is optimized with the Yoast SEO plugin v27.2 - https:\/\/yoast.com\/product\/yoast-seo-wordpress\/ -->\n<title>Frollini con frutta secca Duecosa | Paolo Brunelli<\/title>\n<meta name=\"description\" content=\"Nocciole, pistacchi e mandorle su leggerissima frolla. Ottimo snack di met\u00e0 mattina, ideale per accompagnare il caff\u00e8 di fine pasto o da inzuppare nel t\u00e8.\" \/>\n<meta name=\"robots\" content=\"index, follow, max-snippet:-1, max-image-preview:large, max-video-preview:-1\" \/>\n<link rel=\"canonical\" href=\"https:\/\/paolobrunelli.me\/en\/shop\/frollini-con-frutta-secca\/\" \/>\n<meta property=\"og:locale\" content=\"en_US\" \/>\n<meta property=\"og:type\" content=\"article\" \/>\n<meta property=\"og:title\" content=\"Frollini con frutta secca Duecosa | Paolo Brunelli\" \/>\n<meta property=\"og:description\" content=\"Nocciole, pistacchi e mandorle su leggerissima frolla. Ottimo snack di met\u00e0 mattina, ideale per accompagnare il caff\u00e8 di fine pasto o da inzuppare nel t\u00e8.\" \/>\n<meta property=\"og:url\" content=\"https:\/\/paolobrunelli.me\/en\/shop\/frollini-con-frutta-secca\/\" \/>\n<meta property=\"og:site_name\" content=\"Paolo Brunelli\" \/>\n<meta property=\"article:modified_time\" content=\"2025-12-30T12:23:12+00:00\" \/>\n<meta property=\"og:image\" content=\"https:\/\/i0.wp.com\/paolobrunelli.me\/wp-content\/uploads\/2020\/03\/scatola_due-cosa.jpg?fit=1294%2C1294&ssl=1\" \/>\n\t<meta property=\"og:image:width\" content=\"1294\" \/>\n\t<meta property=\"og:image:height\" content=\"1294\" \/>\n\t<meta property=\"og:image:type\" content=\"image\/jpeg\" \/>\n<meta name=\"twitter:card\" content=\"summary_large_image\" \/>\n<meta name=\"twitter:label1\" content=\"Est. reading time\" \/>\n\t<meta name=\"twitter:data1\" content=\"1 minute\" \/>\n<script type=\"application\/ld+json\" class=\"yoast-schema-graph\">{\"@context\":\"https:\/\/schema.org\",\"@graph\":[{\"@type\":\"WebPage\",\"@id\":\"https:\/\/paolobrunelli.me\/en\/shop\/frollini-con-frutta-secca\/\",\"url\":\"https:\/\/paolobrunelli.me\/en\/shop\/frollini-con-frutta-secca\/\",\"name\":\"Frollini con frutta secca Duecosa | Paolo Brunelli\",\"isPartOf\":{\"@id\":\"https:\/\/paolobrunelli.me\/#website\"},\"primaryImageOfPage\":{\"@id\":\"https:\/\/paolobrunelli.me\/en\/shop\/frollini-con-frutta-secca\/#primaryimage\"},\"image\":{\"@id\":\"https:\/\/paolobrunelli.me\/en\/shop\/frollini-con-frutta-secca\/#primaryimage\"},\"thumbnailUrl\":\"https:\/\/i0.wp.com\/paolobrunelli.me\/wp-content\/uploads\/2020\/03\/scatola_due-cosa.jpg?fit=1294%2C1294&ssl=1\",\"datePublished\":\"2020-03-16T15:20:03+00:00\",\"dateModified\":\"2025-12-30T12:23:12+00:00\",\"description\":\"Nocciole, pistacchi e mandorle su leggerissima frolla. Ottimo snack di met\u00e0 mattina, ideale per accompagnare il caff\u00e8 di fine pasto o da inzuppare nel t\u00e8.\",\"breadcrumb\":{\"@id\":\"https:\/\/paolobrunelli.me\/en\/shop\/frollini-con-frutta-secca\/#breadcrumb\"},\"inLanguage\":\"en-US\",\"potentialAction\":[{\"@type\":\"ReadAction\",\"target\":[\"https:\/\/paolobrunelli.me\/en\/shop\/frollini-con-frutta-secca\/\"]}]},{\"@type\":\"ImageObject\",\"inLanguage\":\"en-US\",\"@id\":\"https:\/\/paolobrunelli.me\/en\/shop\/frollini-con-frutta-secca\/#primaryimage\",\"url\":\"https:\/\/i0.wp.com\/paolobrunelli.me\/wp-content\/uploads\/2020\/03\/scatola_due-cosa.jpg?fit=1294%2C1294&ssl=1\",\"contentUrl\":\"https:\/\/i0.wp.com\/paolobrunelli.me\/wp-content\/uploads\/2020\/03\/scatola_due-cosa.jpg?fit=1294%2C1294&ssl=1\",\"width\":1294,\"height\":1294},{\"@type\":\"BreadcrumbList\",\"@id\":\"https:\/\/paolobrunelli.me\/en\/shop\/frollini-con-frutta-secca\/#breadcrumb\",\"itemListElement\":[{\"@type\":\"ListItem\",\"position\":1,\"name\":\"Home\",\"item\":\"https:\/\/paolobrunelli.me\/en\/\"},{\"@type\":\"ListItem\",\"position\":2,\"name\":\"Shop\",\"item\":\"https:\/\/paolobrunelli.me\/shop\/\"},{\"@type\":\"ListItem\",\"position\":3,\"name\":\"DUECOSA, FROLLINI CON FRUTTA SECCA\"}]},{\"@type\":\"WebSite\",\"@id\":\"https:\/\/paolobrunelli.me\/#website\",\"url\":\"https:\/\/paolobrunelli.me\/\",\"name\":\"Paolo Brunelli\",\"description\":\"Gelatiere e manipolatore di dolci\",\"potentialAction\":[{\"@type\":\"SearchAction\",\"target\":{\"@type\":\"EntryPoint\",\"urlTemplate\":\"https:\/\/paolobrunelli.me\/?s={search_term_string}\"},\"query-input\":{\"@type\":\"PropertyValueSpecification\",\"valueRequired\":true,\"valueName\":\"search_term_string\"}}],\"inLanguage\":\"en-US\"}]}<\/script>\n<!-- \/ Yoast SEO plugin. -->","yoast_head_json":{"title":"Frollini con frutta secca Duecosa | Paolo Brunelli","description":"Nocciole, pistacchi e mandorle su leggerissima frolla. Ottimo snack di met\u00e0 mattina, ideale per accompagnare il caff\u00e8 di fine pasto o da inzuppare nel t\u00e8.","robots":{"index":"index","follow":"follow","max-snippet":"max-snippet:-1","max-image-preview":"max-image-preview:large","max-video-preview":"max-video-preview:-1"},"canonical":"https:\/\/paolobrunelli.me\/en\/shop\/frollini-con-frutta-secca\/","og_locale":"en_US","og_type":"article","og_title":"Frollini con frutta secca Duecosa | Paolo Brunelli","og_description":"Nocciole, pistacchi e mandorle su leggerissima frolla. Ottimo snack di met\u00e0 mattina, ideale per accompagnare il caff\u00e8 di fine pasto o da inzuppare nel t\u00e8.","og_url":"https:\/\/paolobrunelli.me\/en\/shop\/frollini-con-frutta-secca\/","og_site_name":"Paolo Brunelli","article_modified_time":"2025-12-30T12:23:12+00:00","og_image":[{"width":1294,"height":1294,"url":"https:\/\/i0.wp.com\/paolobrunelli.me\/wp-content\/uploads\/2020\/03\/scatola_due-cosa.jpg?fit=1294%2C1294&ssl=1","type":"image\/jpeg"}],"twitter_card":"summary_large_image","twitter_misc":{"Est. reading time":"1 minute"},"schema":{"@context":"https:\/\/schema.org","@graph":[{"@type":"WebPage","@id":"https:\/\/paolobrunelli.me\/en\/shop\/frollini-con-frutta-secca\/","url":"https:\/\/paolobrunelli.me\/en\/shop\/frollini-con-frutta-secca\/","name":"Frollini con frutta secca Duecosa | Paolo Brunelli","isPartOf":{"@id":"https:\/\/paolobrunelli.me\/#website"},"primaryImageOfPage":{"@id":"https:\/\/paolobrunelli.me\/en\/shop\/frollini-con-frutta-secca\/#primaryimage"},"image":{"@id":"https:\/\/paolobrunelli.me\/en\/shop\/frollini-con-frutta-secca\/#primaryimage"},"thumbnailUrl":"https:\/\/i0.wp.com\/paolobrunelli.me\/wp-content\/uploads\/2020\/03\/scatola_due-cosa.jpg?fit=1294%2C1294&ssl=1","datePublished":"2020-03-16T15:20:03+00:00","dateModified":"2025-12-30T12:23:12+00:00","description":"Nocciole, pistacchi e mandorle su leggerissima frolla. Ottimo snack di met\u00e0 mattina, ideale per accompagnare il caff\u00e8 di fine pasto o da inzuppare nel t\u00e8.","breadcrumb":{"@id":"https:\/\/paolobrunelli.me\/en\/shop\/frollini-con-frutta-secca\/#breadcrumb"},"inLanguage":"en-US","potentialAction":[{"@type":"ReadAction","target":["https:\/\/paolobrunelli.me\/en\/shop\/frollini-con-frutta-secca\/"]}]},{"@type":"ImageObject","inLanguage":"en-US","@id":"https:\/\/paolobrunelli.me\/en\/shop\/frollini-con-frutta-secca\/#primaryimage","url":"https:\/\/i0.wp.com\/paolobrunelli.me\/wp-content\/uploads\/2020\/03\/scatola_due-cosa.jpg?fit=1294%2C1294&ssl=1","contentUrl":"https:\/\/i0.wp.com\/paolobrunelli.me\/wp-content\/uploads\/2020\/03\/scatola_due-cosa.jpg?fit=1294%2C1294&ssl=1","width":1294,"height":1294},{"@type":"BreadcrumbList","@id":"https:\/\/paolobrunelli.me\/en\/shop\/frollini-con-frutta-secca\/#breadcrumb","itemListElement":[{"@type":"ListItem","position":1,"name":"Home","item":"https:\/\/paolobrunelli.me\/en\/"},{"@type":"ListItem","position":2,"name":"Shop","item":"https:\/\/paolobrunelli.me\/shop\/"},{"@type":"ListItem","position":3,"name":"DUECOSA, FROLLINI CON FRUTTA SECCA"}]},{"@type":"WebSite","@id":"https:\/\/paolobrunelli.me\/#website","url":"https:\/\/paolobrunelli.me\/","name":"Paolo Brunelli","description":"Gelatiere e manipolatore di dolci","potentialAction":[{"@type":"SearchAction","target":{"@type":"EntryPoint","urlTemplate":"https:\/\/paolobrunelli.me\/?s={search_term_string}"},"query-input":{"@type":"PropertyValueSpecification","valueRequired":true,"valueName":"search_term_string"}}],"inLanguage":"en-US"}]}},"jetpack_sharing_enabled":true,"_links":{"self":[{"href":"https:\/\/paolobrunelli.me\/en\/wp-json\/wp\/v2\/product\/1068","targetHints":{"allow":["GET"]}}],"collection":[{"href":"https:\/\/paolobrunelli.me\/en\/wp-json\/wp\/v2\/product"}],"about":[{"href":"https:\/\/paolobrunelli.me\/en\/wp-json\/wp\/v2\/types\/product"}],"wp:featuredmedia":[{"embeddable":true,"href":"https:\/\/paolobrunelli.me\/en\/wp-json\/wp\/v2\/media\/3387"}],"wp:attachment":[{"href":"https:\/\/paolobrunelli.me\/en\/wp-json\/wp\/v2\/media?parent=1068"}],"wp:term":[{"taxonomy":"product_brand","embeddable":true,"href":"https:\/\/paolobrunelli.me\/en\/wp-json\/wp\/v2\/product_brand?post=1068"},{"taxonomy":"product_cat","embeddable":true,"href":"https:\/\/paolobrunelli.me\/en\/wp-json\/wp\/v2\/product_cat?post=1068"},{"taxonomy":"product_tag","embeddable":true,"href":"https:\/\/paolobrunelli.me\/en\/wp-json\/wp\/v2\/product_tag?post=1068"}],"curies":[{"name":"wp","href":"https:\/\/api.w.org\/{rel}","templated":true}]}}