{"id":2009,"date":"2021-04-10T09:19:18","date_gmt":"2021-04-10T07:19:18","guid":{"rendered":"https:\/\/paolobrunelli.me\/?post_type=product&#038;p=2009"},"modified":"2025-12-04T10:10:28","modified_gmt":"2025-12-04T09:10:28","slug":"trecosa-sablee-al-cioccolato-fondente-e-sale","status":"publish","type":"product","link":"https:\/\/paolobrunelli.me\/en\/shop\/trecosa-sablee-al-cioccolato-fondente-e-sale\/","title":{"rendered":"TRECOSA, SABL\u00c9E AL CIOCCOLATO FONDENTE E SALE"},"content":{"rendered":"<p>Gli opposti che si attraggono: il cioccolato fondente trova la sua massima espressione insieme al sale di Cervia, incastonato tra le maglie della frolla.\u00a0Persistente e confortante, rimane in testa al primo boccone.<\/p>\n<p>&nbsp;<\/p>\n<p>Non si ha conoscenza di essere vivente che sia riuscito a mangiarne solo uno.<\/p>\n<p>Nella stessa linea trovi anche\u00a0<a href=\"https:\/\/paolobrunelli.me\/shop\/frollini-con-gocce-di-cioccolato\/\" target=\"_blank\" rel=\"noopener\">Unacosa,<\/a> <a href=\"https:\/\/paolobrunelli.me\/shop\/frollini-con-frutta-secca\/\" target=\"_blank\" rel=\"noopener\">Duecosa<\/a>,\u00a0<a href=\"https:\/\/paolobrunelli.me\/shop\/quattrocosa-cantucci-con-nocciole-e-pistacchi\/\" target=\"_blank\" rel=\"noopener\">Quattrocosa<\/a><\/p>\n","protected":false},"excerpt":{"rendered":"<p>Il Sabl\u00e9e al cioccolato fondente \u00e8 un biscotto da colazione e da merenda. Pu\u00f2 accompagnare anche il caff\u00e8 a fine pasto. L&#8217;abbinamento con questa bevanda lo rende quasi un pasticcino<\/p>\n","protected":false},"featured_media":3388,"template":"","meta":[],"product_brand":[],"product_cat":[23],"product_tag":[],"class_list":{"0":"post-2009","1":"product","2":"type-product","3":"status-publish","4":"has-post-thumbnail","6":"product_cat-pasticceria","8":"first","9":"instock","10":"taxable","11":"shipping-taxable","12":"purchasable","13":"product-type-simple"},"yoast_head":"<!-- This site is optimized with the Yoast SEO plugin v27.2 - https:\/\/yoast.com\/product\/yoast-seo-wordpress\/ -->\n<title>Sabl\u00e9e al cioccolato e sale Trecosa | Paolo Brunelli<\/title>\n<meta name=\"description\" content=\"Un biscotto persistente e confortante, rimane in testa al primo assaggio. Non si ha conoscenza di essere vivente che sia riuscito a mangiarne solo uno.\" \/>\n<meta name=\"robots\" content=\"index, follow, max-snippet:-1, max-image-preview:large, max-video-preview:-1\" \/>\n<link rel=\"canonical\" href=\"https:\/\/paolobrunelli.me\/shop\/trecosa-sablee-al-cioccolato-fondente-e-sale\/\" \/>\n<meta property=\"og:locale\" content=\"en_US\" \/>\n<meta property=\"og:type\" content=\"article\" \/>\n<meta property=\"og:title\" content=\"Sabl\u00e9e al cioccolato e sale Trecosa | Paolo Brunelli\" \/>\n<meta property=\"og:description\" content=\"Un biscotto persistente e confortante, rimane in testa al primo assaggio. Non si ha conoscenza di essere vivente che sia riuscito a mangiarne solo uno.\" \/>\n<meta property=\"og:url\" content=\"https:\/\/paolobrunelli.me\/shop\/trecosa-sablee-al-cioccolato-fondente-e-sale\/\" \/>\n<meta property=\"og:site_name\" content=\"Paolo Brunelli\" \/>\n<meta property=\"article:modified_time\" content=\"2025-12-04T09:10:28+00:00\" \/>\n<meta property=\"og:image\" content=\"http:\/\/paolobrunelli.me\/wp-content\/uploads\/2021\/04\/scatola_tre-cosa.jpg\" \/>\n\t<meta property=\"og:image:width\" content=\"1294\" \/>\n\t<meta property=\"og:image:height\" content=\"1294\" \/>\n\t<meta property=\"og:image:type\" content=\"image\/jpeg\" \/>\n<meta name=\"twitter:card\" content=\"summary_large_image\" \/>\n<meta name=\"twitter:label1\" content=\"Est. reading time\" \/>\n\t<meta name=\"twitter:data1\" content=\"1 minute\" \/>\n<script type=\"application\/ld+json\" class=\"yoast-schema-graph\">{\"@context\":\"https:\/\/schema.org\",\"@graph\":[{\"@type\":\"WebPage\",\"@id\":\"https:\/\/paolobrunelli.me\/shop\/trecosa-sablee-al-cioccolato-fondente-e-sale\/\",\"url\":\"https:\/\/paolobrunelli.me\/shop\/trecosa-sablee-al-cioccolato-fondente-e-sale\/\",\"name\":\"Sabl\u00e9e al cioccolato e sale Trecosa | Paolo Brunelli\",\"isPartOf\":{\"@id\":\"https:\/\/paolobrunelli.me\/#website\"},\"primaryImageOfPage\":{\"@id\":\"https:\/\/paolobrunelli.me\/shop\/trecosa-sablee-al-cioccolato-fondente-e-sale\/#primaryimage\"},\"image\":{\"@id\":\"https:\/\/paolobrunelli.me\/shop\/trecosa-sablee-al-cioccolato-fondente-e-sale\/#primaryimage\"},\"thumbnailUrl\":\"https:\/\/i0.wp.com\/paolobrunelli.me\/wp-content\/uploads\/2021\/04\/scatola_tre-cosa.jpg?fit=1294%2C1294&ssl=1\",\"datePublished\":\"2021-04-10T07:19:18+00:00\",\"dateModified\":\"2025-12-04T09:10:28+00:00\",\"description\":\"Un biscotto persistente e confortante, rimane in testa al primo assaggio. Non si ha conoscenza di essere vivente che sia riuscito a mangiarne solo uno.\",\"breadcrumb\":{\"@id\":\"https:\/\/paolobrunelli.me\/shop\/trecosa-sablee-al-cioccolato-fondente-e-sale\/#breadcrumb\"},\"inLanguage\":\"en-US\",\"potentialAction\":[{\"@type\":\"ReadAction\",\"target\":[\"https:\/\/paolobrunelli.me\/shop\/trecosa-sablee-al-cioccolato-fondente-e-sale\/\"]}]},{\"@type\":\"ImageObject\",\"inLanguage\":\"en-US\",\"@id\":\"https:\/\/paolobrunelli.me\/shop\/trecosa-sablee-al-cioccolato-fondente-e-sale\/#primaryimage\",\"url\":\"https:\/\/i0.wp.com\/paolobrunelli.me\/wp-content\/uploads\/2021\/04\/scatola_tre-cosa.jpg?fit=1294%2C1294&ssl=1\",\"contentUrl\":\"https:\/\/i0.wp.com\/paolobrunelli.me\/wp-content\/uploads\/2021\/04\/scatola_tre-cosa.jpg?fit=1294%2C1294&ssl=1\",\"width\":1294,\"height\":1294},{\"@type\":\"BreadcrumbList\",\"@id\":\"https:\/\/paolobrunelli.me\/shop\/trecosa-sablee-al-cioccolato-fondente-e-sale\/#breadcrumb\",\"itemListElement\":[{\"@type\":\"ListItem\",\"position\":1,\"name\":\"Home\",\"item\":\"https:\/\/paolobrunelli.me\/en\/\"},{\"@type\":\"ListItem\",\"position\":2,\"name\":\"Shop\",\"item\":\"https:\/\/paolobrunelli.me\/shop\/\"},{\"@type\":\"ListItem\",\"position\":3,\"name\":\"TRECOSA, SABL\u00c9E AL CIOCCOLATO FONDENTE E SALE\"}]},{\"@type\":\"WebSite\",\"@id\":\"https:\/\/paolobrunelli.me\/#website\",\"url\":\"https:\/\/paolobrunelli.me\/\",\"name\":\"Paolo Brunelli\",\"description\":\"Gelatiere e manipolatore di dolci\",\"potentialAction\":[{\"@type\":\"SearchAction\",\"target\":{\"@type\":\"EntryPoint\",\"urlTemplate\":\"https:\/\/paolobrunelli.me\/?s={search_term_string}\"},\"query-input\":{\"@type\":\"PropertyValueSpecification\",\"valueRequired\":true,\"valueName\":\"search_term_string\"}}],\"inLanguage\":\"en-US\"}]}<\/script>\n<!-- \/ Yoast SEO plugin. -->","yoast_head_json":{"title":"Sabl\u00e9e al cioccolato e sale Trecosa | Paolo Brunelli","description":"Un biscotto persistente e confortante, rimane in testa al primo assaggio. Non si ha conoscenza di essere vivente che sia riuscito a mangiarne solo uno.","robots":{"index":"index","follow":"follow","max-snippet":"max-snippet:-1","max-image-preview":"max-image-preview:large","max-video-preview":"max-video-preview:-1"},"canonical":"https:\/\/paolobrunelli.me\/shop\/trecosa-sablee-al-cioccolato-fondente-e-sale\/","og_locale":"en_US","og_type":"article","og_title":"Sabl\u00e9e al cioccolato e sale Trecosa | Paolo Brunelli","og_description":"Un biscotto persistente e confortante, rimane in testa al primo assaggio. Non si ha conoscenza di essere vivente che sia riuscito a mangiarne solo uno.","og_url":"https:\/\/paolobrunelli.me\/shop\/trecosa-sablee-al-cioccolato-fondente-e-sale\/","og_site_name":"Paolo Brunelli","article_modified_time":"2025-12-04T09:10:28+00:00","og_image":[{"width":1294,"height":1294,"url":"http:\/\/paolobrunelli.me\/wp-content\/uploads\/2021\/04\/scatola_tre-cosa.jpg","type":"image\/jpeg"}],"twitter_card":"summary_large_image","twitter_misc":{"Est. reading time":"1 minute"},"schema":{"@context":"https:\/\/schema.org","@graph":[{"@type":"WebPage","@id":"https:\/\/paolobrunelli.me\/shop\/trecosa-sablee-al-cioccolato-fondente-e-sale\/","url":"https:\/\/paolobrunelli.me\/shop\/trecosa-sablee-al-cioccolato-fondente-e-sale\/","name":"Sabl\u00e9e al cioccolato e sale Trecosa | Paolo Brunelli","isPartOf":{"@id":"https:\/\/paolobrunelli.me\/#website"},"primaryImageOfPage":{"@id":"https:\/\/paolobrunelli.me\/shop\/trecosa-sablee-al-cioccolato-fondente-e-sale\/#primaryimage"},"image":{"@id":"https:\/\/paolobrunelli.me\/shop\/trecosa-sablee-al-cioccolato-fondente-e-sale\/#primaryimage"},"thumbnailUrl":"https:\/\/i0.wp.com\/paolobrunelli.me\/wp-content\/uploads\/2021\/04\/scatola_tre-cosa.jpg?fit=1294%2C1294&ssl=1","datePublished":"2021-04-10T07:19:18+00:00","dateModified":"2025-12-04T09:10:28+00:00","description":"Un biscotto persistente e confortante, rimane in testa al primo assaggio. Non si ha conoscenza di essere vivente che sia riuscito a mangiarne solo uno.","breadcrumb":{"@id":"https:\/\/paolobrunelli.me\/shop\/trecosa-sablee-al-cioccolato-fondente-e-sale\/#breadcrumb"},"inLanguage":"en-US","potentialAction":[{"@type":"ReadAction","target":["https:\/\/paolobrunelli.me\/shop\/trecosa-sablee-al-cioccolato-fondente-e-sale\/"]}]},{"@type":"ImageObject","inLanguage":"en-US","@id":"https:\/\/paolobrunelli.me\/shop\/trecosa-sablee-al-cioccolato-fondente-e-sale\/#primaryimage","url":"https:\/\/i0.wp.com\/paolobrunelli.me\/wp-content\/uploads\/2021\/04\/scatola_tre-cosa.jpg?fit=1294%2C1294&ssl=1","contentUrl":"https:\/\/i0.wp.com\/paolobrunelli.me\/wp-content\/uploads\/2021\/04\/scatola_tre-cosa.jpg?fit=1294%2C1294&ssl=1","width":1294,"height":1294},{"@type":"BreadcrumbList","@id":"https:\/\/paolobrunelli.me\/shop\/trecosa-sablee-al-cioccolato-fondente-e-sale\/#breadcrumb","itemListElement":[{"@type":"ListItem","position":1,"name":"Home","item":"https:\/\/paolobrunelli.me\/en\/"},{"@type":"ListItem","position":2,"name":"Shop","item":"https:\/\/paolobrunelli.me\/shop\/"},{"@type":"ListItem","position":3,"name":"TRECOSA, SABL\u00c9E AL CIOCCOLATO FONDENTE E SALE"}]},{"@type":"WebSite","@id":"https:\/\/paolobrunelli.me\/#website","url":"https:\/\/paolobrunelli.me\/","name":"Paolo Brunelli","description":"Gelatiere e manipolatore di dolci","potentialAction":[{"@type":"SearchAction","target":{"@type":"EntryPoint","urlTemplate":"https:\/\/paolobrunelli.me\/?s={search_term_string}"},"query-input":{"@type":"PropertyValueSpecification","valueRequired":true,"valueName":"search_term_string"}}],"inLanguage":"en-US"}]}},"jetpack_sharing_enabled":true,"_links":{"self":[{"href":"https:\/\/paolobrunelli.me\/en\/wp-json\/wp\/v2\/product\/2009","targetHints":{"allow":["GET"]}}],"collection":[{"href":"https:\/\/paolobrunelli.me\/en\/wp-json\/wp\/v2\/product"}],"about":[{"href":"https:\/\/paolobrunelli.me\/en\/wp-json\/wp\/v2\/types\/product"}],"wp:featuredmedia":[{"embeddable":true,"href":"https:\/\/paolobrunelli.me\/en\/wp-json\/wp\/v2\/media\/3388"}],"wp:attachment":[{"href":"https:\/\/paolobrunelli.me\/en\/wp-json\/wp\/v2\/media?parent=2009"}],"wp:term":[{"taxonomy":"product_brand","embeddable":true,"href":"https:\/\/paolobrunelli.me\/en\/wp-json\/wp\/v2\/product_brand?post=2009"},{"taxonomy":"product_cat","embeddable":true,"href":"https:\/\/paolobrunelli.me\/en\/wp-json\/wp\/v2\/product_cat?post=2009"},{"taxonomy":"product_tag","embeddable":true,"href":"https:\/\/paolobrunelli.me\/en\/wp-json\/wp\/v2\/product_tag?post=2009"}],"curies":[{"name":"wp","href":"https:\/\/api.w.org\/{rel}","templated":true}]}}