{"id":3446,"date":"2025-12-06T08:36:41","date_gmt":"2025-12-06T07:36:41","guid":{"rendered":"https:\/\/paolobrunelli.me\/?post_type=product&#038;p=3446"},"modified":"2026-02-26T19:43:43","modified_gmt":"2026-02-26T18:43:43","slug":"marmellata-di-fragole","status":"publish","type":"product","link":"https:\/\/paolobrunelli.me\/en\/shop\/marmellata-di-fragole\/","title":{"rendered":"MARMELLATA DI FRAGOLE"},"content":{"rendered":"<p>La marmellata che rubavi dalla dispensa della nonna, realizzata con la frutta del nostro produttore di fiducia e la tecnologia di ultimissima generazione: in pratica, la magia dell\u2019infanzia dentro un prodotto moderno e pi\u00f9 salubre. Su pane e burro d\u00e0 il meglio si s\u00e9!<\/p>\n<p>&nbsp;<\/p>\n","protected":false},"excerpt":{"rendered":"<p>Le migliori fragole trattate sottovuoto, per un basso contenuto di zuccheri aggiunti. Pectine non pervenute.<\/p>\n","protected":false},"featured_media":3449,"template":"","meta":[],"product_brand":[],"product_cat":[66,20,61],"product_tag":[92,106,91,105],"class_list":{"0":"post-3446","1":"product","2":"type-product","3":"status-publish","4":"has-post-thumbnail","6":"product_cat-marmellate","7":"product_cat-spalmabili","8":"product_cat-vegetale","9":"product_tag-confettura","10":"product_tag-fragole","11":"product_tag-marmellata","12":"product_tag-sano","13":"product_shipping_class-standard","15":"first","16":"instock","17":"taxable","18":"shipping-taxable","19":"purchasable","20":"product-type-simple"},"yoast_head":"<!-- This site is optimized with the Yoast SEO plugin v27.2 - https:\/\/yoast.com\/product\/yoast-seo-wordpress\/ -->\n<title>Marmellata di fragole | Paolo Brunelli<\/title>\n<meta name=\"description\" content=\"Pane, burro e marmellata di fragole per tornare bambini: la magia del ricordo dentro un prodotto realizzato sottovuoto, con la migliore tecnologia.\" \/>\n<meta name=\"robots\" content=\"index, follow, max-snippet:-1, max-image-preview:large, max-video-preview:-1\" \/>\n<link rel=\"canonical\" href=\"https:\/\/paolobrunelli.me\/shop\/marmellata-di-fragole\/\" \/>\n<meta property=\"og:locale\" content=\"en_US\" \/>\n<meta property=\"og:type\" content=\"article\" \/>\n<meta property=\"og:title\" content=\"Marmellata di fragole | Paolo Brunelli\" \/>\n<meta property=\"og:description\" content=\"Pane, burro e marmellata di fragole per tornare bambini: la magia del ricordo dentro un prodotto realizzato sottovuoto, con la migliore tecnologia.\" \/>\n<meta property=\"og:url\" content=\"https:\/\/paolobrunelli.me\/shop\/marmellata-di-fragole\/\" \/>\n<meta property=\"og:site_name\" content=\"Paolo Brunelli\" \/>\n<meta property=\"article:modified_time\" content=\"2026-02-26T18:43:43+00:00\" \/>\n<meta property=\"og:image\" content=\"http:\/\/paolobrunelli.me\/wp-content\/uploads\/2025\/12\/mockup_confettura-fragole-1-scaled.jpg\" \/>\n\t<meta property=\"og:image:width\" content=\"2560\" \/>\n\t<meta property=\"og:image:height\" content=\"2560\" \/>\n\t<meta property=\"og:image:type\" content=\"image\/jpeg\" \/>\n<meta name=\"twitter:card\" content=\"summary_large_image\" \/>\n<meta name=\"twitter:label1\" content=\"Est. reading time\" \/>\n\t<meta name=\"twitter:data1\" content=\"1 minute\" \/>\n<script type=\"application\/ld+json\" class=\"yoast-schema-graph\">{\"@context\":\"https:\/\/schema.org\",\"@graph\":[{\"@type\":\"WebPage\",\"@id\":\"https:\/\/paolobrunelli.me\/shop\/marmellata-di-fragole\/\",\"url\":\"https:\/\/paolobrunelli.me\/shop\/marmellata-di-fragole\/\",\"name\":\"Marmellata di fragole | Paolo Brunelli\",\"isPartOf\":{\"@id\":\"https:\/\/paolobrunelli.me\/#website\"},\"primaryImageOfPage\":{\"@id\":\"https:\/\/paolobrunelli.me\/shop\/marmellata-di-fragole\/#primaryimage\"},\"image\":{\"@id\":\"https:\/\/paolobrunelli.me\/shop\/marmellata-di-fragole\/#primaryimage\"},\"thumbnailUrl\":\"https:\/\/i0.wp.com\/paolobrunelli.me\/wp-content\/uploads\/2025\/12\/mockup_confettura-fragole-1-scaled.jpg?fit=2560%2C2560&ssl=1\",\"datePublished\":\"2025-12-06T07:36:41+00:00\",\"dateModified\":\"2026-02-26T18:43:43+00:00\",\"description\":\"Pane, burro e marmellata di fragole per tornare bambini: la magia del ricordo dentro un prodotto realizzato sottovuoto, con la migliore tecnologia.\",\"breadcrumb\":{\"@id\":\"https:\/\/paolobrunelli.me\/shop\/marmellata-di-fragole\/#breadcrumb\"},\"inLanguage\":\"en-US\",\"potentialAction\":[{\"@type\":\"ReadAction\",\"target\":[\"https:\/\/paolobrunelli.me\/shop\/marmellata-di-fragole\/\"]}]},{\"@type\":\"ImageObject\",\"inLanguage\":\"en-US\",\"@id\":\"https:\/\/paolobrunelli.me\/shop\/marmellata-di-fragole\/#primaryimage\",\"url\":\"https:\/\/i0.wp.com\/paolobrunelli.me\/wp-content\/uploads\/2025\/12\/mockup_confettura-fragole-1-scaled.jpg?fit=2560%2C2560&ssl=1\",\"contentUrl\":\"https:\/\/i0.wp.com\/paolobrunelli.me\/wp-content\/uploads\/2025\/12\/mockup_confettura-fragole-1-scaled.jpg?fit=2560%2C2560&ssl=1\",\"width\":2560,\"height\":2560},{\"@type\":\"BreadcrumbList\",\"@id\":\"https:\/\/paolobrunelli.me\/shop\/marmellata-di-fragole\/#breadcrumb\",\"itemListElement\":[{\"@type\":\"ListItem\",\"position\":1,\"name\":\"Home\",\"item\":\"https:\/\/paolobrunelli.me\/en\/\"},{\"@type\":\"ListItem\",\"position\":2,\"name\":\"Shop\",\"item\":\"https:\/\/paolobrunelli.me\/shop\/\"},{\"@type\":\"ListItem\",\"position\":3,\"name\":\"MARMELLATA DI FRAGOLE\"}]},{\"@type\":\"WebSite\",\"@id\":\"https:\/\/paolobrunelli.me\/#website\",\"url\":\"https:\/\/paolobrunelli.me\/\",\"name\":\"Paolo Brunelli\",\"description\":\"Gelatiere e manipolatore di dolci\",\"potentialAction\":[{\"@type\":\"SearchAction\",\"target\":{\"@type\":\"EntryPoint\",\"urlTemplate\":\"https:\/\/paolobrunelli.me\/?s={search_term_string}\"},\"query-input\":{\"@type\":\"PropertyValueSpecification\",\"valueRequired\":true,\"valueName\":\"search_term_string\"}}],\"inLanguage\":\"en-US\"}]}<\/script>\n<!-- \/ Yoast SEO plugin. -->","yoast_head_json":{"title":"Marmellata di fragole | Paolo Brunelli","description":"Pane, burro e marmellata di fragole per tornare bambini: la magia del ricordo dentro un prodotto realizzato sottovuoto, con la migliore tecnologia.","robots":{"index":"index","follow":"follow","max-snippet":"max-snippet:-1","max-image-preview":"max-image-preview:large","max-video-preview":"max-video-preview:-1"},"canonical":"https:\/\/paolobrunelli.me\/shop\/marmellata-di-fragole\/","og_locale":"en_US","og_type":"article","og_title":"Marmellata di fragole | Paolo Brunelli","og_description":"Pane, burro e marmellata di fragole per tornare bambini: la magia del ricordo dentro un prodotto realizzato sottovuoto, con la migliore tecnologia.","og_url":"https:\/\/paolobrunelli.me\/shop\/marmellata-di-fragole\/","og_site_name":"Paolo Brunelli","article_modified_time":"2026-02-26T18:43:43+00:00","og_image":[{"width":2560,"height":2560,"url":"http:\/\/paolobrunelli.me\/wp-content\/uploads\/2025\/12\/mockup_confettura-fragole-1-scaled.jpg","type":"image\/jpeg"}],"twitter_card":"summary_large_image","twitter_misc":{"Est. reading time":"1 minute"},"schema":{"@context":"https:\/\/schema.org","@graph":[{"@type":"WebPage","@id":"https:\/\/paolobrunelli.me\/shop\/marmellata-di-fragole\/","url":"https:\/\/paolobrunelli.me\/shop\/marmellata-di-fragole\/","name":"Marmellata di fragole | Paolo Brunelli","isPartOf":{"@id":"https:\/\/paolobrunelli.me\/#website"},"primaryImageOfPage":{"@id":"https:\/\/paolobrunelli.me\/shop\/marmellata-di-fragole\/#primaryimage"},"image":{"@id":"https:\/\/paolobrunelli.me\/shop\/marmellata-di-fragole\/#primaryimage"},"thumbnailUrl":"https:\/\/i0.wp.com\/paolobrunelli.me\/wp-content\/uploads\/2025\/12\/mockup_confettura-fragole-1-scaled.jpg?fit=2560%2C2560&ssl=1","datePublished":"2025-12-06T07:36:41+00:00","dateModified":"2026-02-26T18:43:43+00:00","description":"Pane, burro e marmellata di fragole per tornare bambini: la magia del ricordo dentro un prodotto realizzato sottovuoto, con la migliore tecnologia.","breadcrumb":{"@id":"https:\/\/paolobrunelli.me\/shop\/marmellata-di-fragole\/#breadcrumb"},"inLanguage":"en-US","potentialAction":[{"@type":"ReadAction","target":["https:\/\/paolobrunelli.me\/shop\/marmellata-di-fragole\/"]}]},{"@type":"ImageObject","inLanguage":"en-US","@id":"https:\/\/paolobrunelli.me\/shop\/marmellata-di-fragole\/#primaryimage","url":"https:\/\/i0.wp.com\/paolobrunelli.me\/wp-content\/uploads\/2025\/12\/mockup_confettura-fragole-1-scaled.jpg?fit=2560%2C2560&ssl=1","contentUrl":"https:\/\/i0.wp.com\/paolobrunelli.me\/wp-content\/uploads\/2025\/12\/mockup_confettura-fragole-1-scaled.jpg?fit=2560%2C2560&ssl=1","width":2560,"height":2560},{"@type":"BreadcrumbList","@id":"https:\/\/paolobrunelli.me\/shop\/marmellata-di-fragole\/#breadcrumb","itemListElement":[{"@type":"ListItem","position":1,"name":"Home","item":"https:\/\/paolobrunelli.me\/en\/"},{"@type":"ListItem","position":2,"name":"Shop","item":"https:\/\/paolobrunelli.me\/shop\/"},{"@type":"ListItem","position":3,"name":"MARMELLATA DI FRAGOLE"}]},{"@type":"WebSite","@id":"https:\/\/paolobrunelli.me\/#website","url":"https:\/\/paolobrunelli.me\/","name":"Paolo Brunelli","description":"Gelatiere e manipolatore di dolci","potentialAction":[{"@type":"SearchAction","target":{"@type":"EntryPoint","urlTemplate":"https:\/\/paolobrunelli.me\/?s={search_term_string}"},"query-input":{"@type":"PropertyValueSpecification","valueRequired":true,"valueName":"search_term_string"}}],"inLanguage":"en-US"}]}},"jetpack_sharing_enabled":true,"_links":{"self":[{"href":"https:\/\/paolobrunelli.me\/en\/wp-json\/wp\/v2\/product\/3446","targetHints":{"allow":["GET"]}}],"collection":[{"href":"https:\/\/paolobrunelli.me\/en\/wp-json\/wp\/v2\/product"}],"about":[{"href":"https:\/\/paolobrunelli.me\/en\/wp-json\/wp\/v2\/types\/product"}],"wp:featuredmedia":[{"embeddable":true,"href":"https:\/\/paolobrunelli.me\/en\/wp-json\/wp\/v2\/media\/3449"}],"wp:attachment":[{"href":"https:\/\/paolobrunelli.me\/en\/wp-json\/wp\/v2\/media?parent=3446"}],"wp:term":[{"taxonomy":"product_brand","embeddable":true,"href":"https:\/\/paolobrunelli.me\/en\/wp-json\/wp\/v2\/product_brand?post=3446"},{"taxonomy":"product_cat","embeddable":true,"href":"https:\/\/paolobrunelli.me\/en\/wp-json\/wp\/v2\/product_cat?post=3446"},{"taxonomy":"product_tag","embeddable":true,"href":"https:\/\/paolobrunelli.me\/en\/wp-json\/wp\/v2\/product_tag?post=3446"}],"curies":[{"name":"wp","href":"https:\/\/api.w.org\/{rel}","templated":true}]}}